{"id":219,"date":"2025-10-07T22:17:38","date_gmt":"2025-10-07T22:17:38","guid":{"rendered":"https:\/\/asociacionecollano.com\/services\/"},"modified":"2025-11-13T16:02:04","modified_gmt":"2025-11-13T16:02:04","slug":"servicios","status":"publish","type":"page","link":"https:\/\/asociacionecollano.com\/?page_id=219","title":{"rendered":"Servicios"},"content":{"rendered":"\n<div class=\"wp-block-uagb-container uagb-block-c1e2fce7 alignfull uagb-is-root-container\"><div class=\"uagb-container-inner-blocks-wrap\">\n<div class=\"wp-block-uagb-advanced-heading uagb-block-c767fabd\"><h1 class=\"uagb-heading-text\"><a href=\"https:\/\/asociacionecollano.com\/servicios\/\" data-type=\"page\" data-id=\"219\">Servicios<\/a>\u200b<\/h1><\/div>\n<\/div><\/div>\n\n\n\n<div class=\"wp-block-uagb-container uagb-block-92758601 alignfull uagb-is-root-container\"><div class=\"uagb-container-inner-blocks-wrap\">\n<div class=\"wp-block-uagb-container uagb-block-8ed2340c\">\n<div class=\"wp-block-uagb-info-box uagb-block-83f3c3f0 uagb-infobox__content-wrap  uagb-infobox-icon-above-title uagb-infobox-image-valign-top\"><div class=\"uagb-ifb-content\"><div class=\"uagb-ifb-title-wrap\"><h2 class=\"uagb-ifb-title\">RECOLECCI\u00d3N \u200b<\/h2><\/div><p class=\"uagb-ifb-desc\">En ECOLLANO, vamos m\u00e1s all\u00e1 de la simple recogida. Nuestro Servicio de Recolecci\u00f3n de Material Aprovechable es la columna vertebral de un futuro m\u00e1s limpio para Villavicencio y un pilar de apoyo para nuestras comunidades.<br><br> Facilitamos la gesti\u00f3n correcta de su papel, cart\u00f3n, pl\u00e1stico y vidrio, asegurando que estos residuos se reincorporen de manera efectiva a la cadena productiva.<br><br>Al elegirnos, usted no solo garantiza un manejo ambientalmente responsable de sus residuos, sino que tambi\u00e9n impulsa directamente la misi\u00f3n social de ECOLLANO: dignificar y mejorar la calidad de vida de nuestros recicladores asociados. Juntos, convertimos sus residuos en una oportunidad de crecimiento econ\u00f3mico justo y en un avance real hacia la sostenibilidad. No espere m\u00e1s para generar un impacto positivo. \u00a1Adquiera hoy mismo este servicio con ECOLLANO y sea parte de la soluci\u00f3n!<\/p><div class=\"uagb-ifb-button-wrapper wp-block-button\"><a href=\"\/contacto\" class=\"uagb-infobox-cta-link ast-outline-button\" target=\"_self\" rel=\"noopener noreferrer\" style=\"border-width:revert-layer\" onclick=\"return true;\"><span class=\"uagb-inline-editing\">ContactO<\/span><\/a><\/div><\/div><\/div>\n<\/div>\n\n\n\n<div class=\"wp-block-uagb-image uagb-block-704d8fd3 wp-block-uagb-image--layout-default wp-block-uagb-image--effect-static wp-block-uagb-image--align-none\"><figure class=\"wp-block-uagb-image__figure\"><img decoding=\"async\" srcset=\"https:\/\/asociacionecollano.com\/wp-content\/uploads\/2025\/11\/Gemini_Generated_Image_6xy6ge6xy6ge6xy6.png ,https:\/\/asociacionecollano.com\/wp-content\/uploads\/2025\/11\/Gemini_Generated_Image_6xy6ge6xy6ge6xy6.png 780w, https:\/\/asociacionecollano.com\/wp-content\/uploads\/2025\/11\/Gemini_Generated_Image_6xy6ge6xy6ge6xy6.png 360w\" sizes=\"auto, (max-width: 480px) 150px\" src=\"https:\/\/asociacionecollano.com\/wp-content\/uploads\/2025\/11\/Gemini_Generated_Image_6xy6ge6xy6ge6xy6.png\" alt=\"\" class=\"uag-image-1146\" width=\"570\" height=\"514\" title=\"Gemini_Generated_Image_6xy6ge6xy6ge6xy6\" loading=\"lazy\" role=\"img\"\/><\/figure><\/div>\n<\/div><\/div>\n\n\n\n<div class=\"wp-block-uagb-container uagb-block-0fa8dc87 alignfull uagb-is-root-container\"><div class=\"uagb-container-inner-blocks-wrap\">\n<div class=\"wp-block-uagb-image uagb-block-95ad5af2 wp-block-uagb-image--layout-default wp-block-uagb-image--effect-static wp-block-uagb-image--align-none\"><figure class=\"wp-block-uagb-image__figure\"><img decoding=\"async\" srcset=\"https:\/\/asociacionecollano.com\/wp-content\/uploads\/2025\/11\/Gemini_Generated_Image_h8w06eh8w06eh8w0.png ,https:\/\/asociacionecollano.com\/wp-content\/uploads\/2025\/11\/Gemini_Generated_Image_h8w06eh8w06eh8w0.png 780w, https:\/\/asociacionecollano.com\/wp-content\/uploads\/2025\/11\/Gemini_Generated_Image_h8w06eh8w06eh8w0.png 360w\" sizes=\"auto, (max-width: 480px) 150px\" src=\"https:\/\/asociacionecollano.com\/wp-content\/uploads\/2025\/11\/Gemini_Generated_Image_h8w06eh8w06eh8w0.png\" alt=\"\" class=\"uag-image-1173\" width=\"452\" height=\"450\" title=\"Gemini_Generated_Image_h8w06eh8w06eh8w0\" loading=\"lazy\" role=\"img\"\/><\/figure><\/div>\n\n\n\n<div class=\"wp-block-uagb-container uagb-block-273f62cc\">\n<div class=\"wp-block-uagb-info-box uagb-block-f179cbd3 uagb-infobox__content-wrap  uagb-infobox-icon-above-title uagb-infobox-image-valign-top\"><div class=\"uagb-ifb-content\"><div class=\"uagb-ifb-title-wrap\"><h2 class=\"uagb-ifb-title\">Separac\u00edon de material<\/h2><\/div><p class=\"uagb-ifb-desc\">Maximice la eficiencia y pureza de su material aprovechable con nuestro servicio de Separaci\u00f3n y Recolecci\u00f3n. Sabemos que la clave para un reciclaje exitoso comienza con la clasificaci\u00f3n en origen. Por eso, ECOLLANO no solo se encarga del transporte, sino que ofrecemos la consultor\u00eda y el soporte log\u00edstico para optimizar los procesos de separaci\u00f3n dentro de su empresa, negocio o conjunto residencial.<br>Con la experiencia y el compromiso de nuestros asociados, garantizamos que cada flujo de material (pl\u00e1stico, papel, cart\u00f3n, vidrio) se separe correctamente, incrementando su valor y reduciendo la contaminaci\u00f3n. Adquirir este servicio integral es la manera m\u00e1s segura de asegurar el cumplimiento ambiental y fortalecer su cadena de valor sostenible. Conf\u00ede en ECOLLANO para elevar la calidad de su gesti\u00f3n de residuos.<\/p><div class=\"uagb-ifb-button-wrapper wp-block-button\"><a href=\"\/contacto\" class=\"uagb-infobox-cta-link ast-outline-button\" target=\"_self\" rel=\"noopener noreferrer\" style=\"border-width:revert-layer\" onclick=\"return true;\"><span class=\"uagb-inline-editing\">Contacto<\/span><\/a><\/div><\/div><\/div>\n<\/div>\n<\/div><\/div>\n\n\n\n<div class=\"wp-block-uagb-container uagb-block-a3c85d3f alignfull uagb-is-root-container\"><div class=\"uagb-container-inner-blocks-wrap\">\n<div class=\"wp-block-uagb-container uagb-block-4502a8bd\">\n<div class=\"wp-block-uagb-info-box uagb-block-109f07e7 uagb-infobox__content-wrap  uagb-infobox-icon-above-title uagb-infobox-image-valign-top\"><div class=\"uagb-ifb-content\"><div class=\"uagb-ifb-title-wrap\"><h2 class=\"uagb-ifb-title\">cOMPRA DE MATERIAL Y CAPACITACI\u00d3N <\/h2><\/div><p class=\"uagb-ifb-desc\">En <strong>ECOLLANO<\/strong>, cerramos el ciclo. A trav\u00e9s de nuestro servicio de <strong>Compra de Material Reciclable<\/strong>, garantizamos precios justos y transparentes para grandes vol\u00famenes de papel, cart\u00f3n, pl\u00e1sticos especializados y metales, convirti\u00e9ndonos en un socio comercial confiable para empresas generadoras.<br><br>Adem\u00e1s, entendemos que el conocimiento es poder. Por ello, ofrecemos <strong>Capacitaciones<\/strong> especializadas, impartidas por expertos y nuestros mismos asociados, sobre la correcta separaci\u00f3n en la fuente, manejo de residuos peligrosos y normatividad ambiental local. Esta combinaci\u00f3n \u00fanica de comercio justo y educaci\u00f3n garantiza que su empresa no solo obtenga un retorno econ\u00f3mico por sus residuos, sino que tambi\u00e9n cuente con el <strong>talento humano mejor preparado<\/strong> para la gesti\u00f3n ambiental. Contacte a la asociaci\u00f3n <strong> ECOLLANO y transforme sus residuos en valor y conocimiento.<\/strong><\/p><div class=\"uagb-ifb-button-wrapper wp-block-button\"><a href=\"\/contacto\" class=\"uagb-infobox-cta-link ast-outline-button\" target=\"_self\" rel=\"noopener noreferrer\" style=\"border-width:revert-layer\" onclick=\"return true;\"><span class=\"uagb-inline-editing\">Contacto<\/span><\/a><\/div><\/div><\/div>\n<\/div>\n\n\n\n<div class=\"wp-block-group is-layout-constrained wp-block-group-is-layout-constrained\"><div class=\"wp-block-group__inner-container\">\n<div class=\"wp-block-uagb-image alignleft uagb-block-18897b0b wp-block-uagb-image--layout-default wp-block-uagb-image--effect-static wp-block-uagb-image--align-left\"><figure class=\"wp-block-uagb-image__figure\"><img decoding=\"async\" srcset=\"https:\/\/asociacionecollano.com\/wp-content\/uploads\/2025\/11\/Gemini_Generated_Image_s56ores56ores56o.png ,https:\/\/asociacionecollano.com\/wp-content\/uploads\/2025\/11\/Gemini_Generated_Image_s56ores56ores56o.png 780w, https:\/\/asociacionecollano.com\/wp-content\/uploads\/2025\/11\/Gemini_Generated_Image_s56ores56ores56o.png 360w\" sizes=\"auto, (max-width: 480px) 150px\" src=\"https:\/\/asociacionecollano.com\/wp-content\/uploads\/2025\/11\/Gemini_Generated_Image_s56ores56ores56o.png\" alt=\"\" class=\"uag-image-1179\" width=\"474\" height=\"400\" title=\"Gemini_Generated_Image_s56ores56ores56o\" loading=\"lazy\" role=\"img\"\/><\/figure><\/div>\n<\/div><\/div>\n<\/div><\/div>\n\n\n\n<div class=\"wp-block-uagb-container uagb-block-6f559b4f alignwide uagb-is-root-container\">\n<div class=\"wp-block-uagb-advanced-heading uagb-block-9997db04\"><h2 class=\"uagb-heading-text\">F.A.Q.\u200b<\/h2><div class=\"uagb-separator\"><\/div><p class=\"uagb-desc-text\">preguntas frecuentes.<\/p><\/div>\n\n\n<div class=\"wp-block-uagb-faq uagb-faq__outer-wrap uagb-block-a92893ac uagb-faq-icon-row-reverse uagb-faq-layout-accordion uagb-faq-expand-first-false uagb-faq-inactive-other-true uagb-faq__wrap uagb-buttons-layout-wrap uagb-faq-equal-height     \" data-faqtoggle=\"true\" role=\"tablist\"><div data-aos= \"flip-up\" data-aos-duration=\"400\" data-aos-delay=\"0\" data-aos-easing=\"ease\" data-aos-once=\"true\" class=\"wp-block-uagb-faq-child uagb-faq-child__outer-wrap uagb-faq-item uagb-block-7b345a3a \" role=\"tab\" tabindex=\"0\"><div class=\"uagb-faq-questions-button uagb-faq-questions\">\t\t\t<span class=\"uagb-icon uagb-faq-icon-wrap\">\n\t\t\t\t\t\t\t<\/span>\n\t\t\t\t\t\t<span class=\"uagb-icon-active uagb-faq-icon-wrap\">\n\t\t\t\t\t\t\t\t<svg xmlns=\"https:\/\/www.w3.org\/2000\/svg\" viewBox= \"0 0 320 512\"><path d=\"M9.39 265.4l127.1-128C143.6 131.1 151.8 128 160 128s16.38 3.125 22.63 9.375l127.1 128c9.156 9.156 11.9 22.91 6.943 34.88S300.9 320 287.1 320H32.01c-12.94 0-24.62-7.781-29.58-19.75S.2333 274.5 9.39 265.4z\"><\/path><\/svg>\n\t\t\t\t\t\t\t<\/span>\n\t\t\t<span class=\"uagb-question\">\u00bfQu\u00e9 tipos de materiales reciclables compra ecollano?<\/span><\/div><div class=\"uagb-faq-content\"><p>papel, cart\u00f3n, pl\u00e1stico (PET, HDPE, etc.), metales (aluminio, chatarra).<\/p><\/div><\/div><div data-aos= \"flip-up\" data-aos-duration=\"400\" data-aos-delay=\"0\" data-aos-easing=\"ease\" data-aos-once=\"true\" class=\"wp-block-uagb-faq-child uagb-faq-child__outer-wrap uagb-faq-item uagb-block-c0ede2d4 \" role=\"tab\" tabindex=\"0\"><div class=\"uagb-faq-questions-button uagb-faq-questions\">\t\t\t<span class=\"uagb-icon uagb-faq-icon-wrap\">\n\t\t\t\t\t\t\t<\/span>\n\t\t\t\t\t\t<span class=\"uagb-icon-active uagb-faq-icon-wrap\">\n\t\t\t\t\t\t\t\t<svg xmlns=\"https:\/\/www.w3.org\/2000\/svg\" viewBox= \"0 0 320 512\"><path d=\"M9.39 265.4l127.1-128C143.6 131.1 151.8 128 160 128s16.38 3.125 22.63 9.375l127.1 128c9.156 9.156 11.9 22.91 6.943 34.88S300.9 320 287.1 320H32.01c-12.94 0-24.62-7.781-29.58-19.75S.2333 274.5 9.39 265.4z\"><\/path><\/svg>\n\t\t\t\t\t\t\t<\/span>\n\t\t\t<span class=\"uagb-question\">\u00bfCu\u00e1l es el proceso para vender mi material reciclable?<\/span><\/div><div class=\"uagb-faq-content\"><p>Contacto, revisi\u00f3n\/clasificaci\u00f3n, pesaje, pago.<\/p><\/div><\/div><div data-aos= \"flip-up\" data-aos-duration=\"400\" data-aos-delay=\"0\" data-aos-easing=\"ease\" data-aos-once=\"true\" class=\"wp-block-uagb-faq-child uagb-faq-child__outer-wrap uagb-faq-item uagb-block-99aac894 \" role=\"tab\" tabindex=\"0\"><div class=\"uagb-faq-questions-button uagb-faq-questions\">\t\t\t<span class=\"uagb-icon uagb-faq-icon-wrap\">\n\t\t\t\t\t\t\t<\/span>\n\t\t\t\t\t\t<span class=\"uagb-icon-active uagb-faq-icon-wrap\">\n\t\t\t\t\t\t\t\t<svg xmlns=\"https:\/\/www.w3.org\/2000\/svg\" viewBox= \"0 0 320 512\"><path d=\"M9.39 265.4l127.1-128C143.6 131.1 151.8 128 160 128s16.38 3.125 22.63 9.375l127.1 128c9.156 9.156 11.9 22.91 6.943 34.88S300.9 320 287.1 320H32.01c-12.94 0-24.62-7.781-29.58-19.75S.2333 274.5 9.39 265.4z\"><\/path><\/svg>\n\t\t\t\t\t\t\t<\/span>\n\t\t\t<span class=\"uagb-question\">\u00bfCu\u00e1les son los requisitos de limpieza y clasificaci\u00f3n del material?<\/span><\/div><div class=\"uagb-faq-content\"><p>el material debe estar limpio, seco y separado para poder ser aceptado o para recibir el mejor precio.<\/p><\/div><\/div><div data-aos= \"flip-up\" data-aos-duration=\"400\" data-aos-delay=\"0\" data-aos-easing=\"ease\" data-aos-once=\"true\" class=\"wp-block-uagb-faq-child uagb-faq-child__outer-wrap uagb-faq-item uagb-block-e7754ee4 \" role=\"tab\" tabindex=\"0\"><div class=\"uagb-faq-questions-button uagb-faq-questions\">\t\t\t<span class=\"uagb-icon uagb-faq-icon-wrap\">\n\t\t\t\t\t\t\t<\/span>\n\t\t\t\t\t\t<span class=\"uagb-icon-active uagb-faq-icon-wrap\">\n\t\t\t\t\t\t\t\t<svg xmlns=\"https:\/\/www.w3.org\/2000\/svg\" viewBox= \"0 0 320 512\"><path d=\"M9.39 265.4l127.1-128C143.6 131.1 151.8 128 160 128s16.38 3.125 22.63 9.375l127.1 128c9.156 9.156 11.9 22.91 6.943 34.88S300.9 320 287.1 320H32.01c-12.94 0-24.62-7.781-29.58-19.75S.2333 274.5 9.39 265.4z\"><\/path><\/svg>\n\t\t\t\t\t\t\t<\/span>\n\t\t\t<span class=\"uagb-question\">\u00bfD\u00f3nde est\u00e1n ubicados sus centros de acopio o realizan recolecci\u00f3n a domicilio?<\/span><\/div><div class=\"uagb-faq-content\"><p>detalles sobre el servicio de recogida.<\/p><\/div><\/div><div data-aos= \"flip-up\" data-aos-duration=\"400\" data-aos-delay=\"0\" data-aos-easing=\"ease\" data-aos-once=\"true\" class=\"wp-block-uagb-faq-child uagb-faq-child__outer-wrap uagb-faq-item uagb-block-cf9b9cec \" role=\"tab\" tabindex=\"0\"><div class=\"uagb-faq-questions-button uagb-faq-questions\">\t\t\t<span class=\"uagb-icon uagb-faq-icon-wrap\">\n\t\t\t\t\t\t\t<\/span>\n\t\t\t\t\t\t<span class=\"uagb-icon-active uagb-faq-icon-wrap\">\n\t\t\t\t\t\t\t\t<svg xmlns=\"https:\/\/www.w3.org\/2000\/svg\" viewBox= \"0 0 320 512\"><path d=\"M9.39 265.4l127.1-128C143.6 131.1 151.8 128 160 128s16.38 3.125 22.63 9.375l127.1 128c9.156 9.156 11.9 22.91 6.943 34.88S300.9 320 287.1 320H32.01c-12.94 0-24.62-7.781-29.58-19.75S.2333 274.5 9.39 265.4z\"><\/path><\/svg>\n\t\t\t\t\t\t\t<\/span>\n\t\t\t<span class=\"uagb-question\">\u00bfC\u00f3mo se determina el precio del material?<\/span><\/div><div class=\"uagb-faq-content\"><p>los precios var\u00edan seg\u00fan el tipo de material y las condiciones del mercado.<\/p><\/div><\/div><\/div><\/div>\n\n\n\n<p><\/p>\n","protected":false},"excerpt":{"rendered":"<p>Servicios\u200b F.A.Q.\u200b preguntas frecuentes.<\/p>\n","protected":false},"author":1,"featured_media":0,"parent":0,"menu_order":0,"comment_status":"closed","ping_status":"closed","template":"","meta":{"_uag_custom_page_level_css":"","site-sidebar-layout":"no-sidebar","site-content-layout":"plain-container","ast-site-content-layout":"full-width-container","site-content-style":"unboxed","site-sidebar-style":"unboxed","ast-global-header-display":"","ast-banner-title-visibility":"","ast-main-header-display":"","ast-hfb-above-header-display":"","ast-hfb-below-header-display":"","ast-hfb-mobile-header-display":"","site-post-title":"disabled","ast-breadcrumbs-content":"","ast-featured-img":"disabled","footer-sml-layout":"","ast-disable-related-posts":"","theme-transparent-header-meta":"enabled","adv-header-id-meta":"","stick-header-meta":"","header-above-stick-meta":"","header-main-stick-meta":"","header-below-stick-meta":"","astra-migrate-meta-layouts":"set","ast-page-background-enabled":"default","ast-page-background-meta":{"desktop":{"background-color":"","background-image":"","background-repeat":"repeat","background-position":"center center","background-size":"auto","background-attachment":"scroll","background-type":"","background-media":"","overlay-type":"","overlay-color":"","overlay-opacity":"","overlay-gradient":""},"tablet":{"background-color":"","background-image":"","background-repeat":"repeat","background-position":"center center","background-size":"auto","background-attachment":"scroll","background-type":"","background-media":"","overlay-type":"","overlay-color":"","overlay-opacity":"","overlay-gradient":""},"mobile":{"background-color":"","background-image":"","background-repeat":"repeat","background-position":"center center","background-size":"auto","background-attachment":"scroll","background-type":"","background-media":"","overlay-type":"","overlay-color":"","overlay-opacity":"","overlay-gradient":""}},"ast-content-background-meta":{"desktop":{"background-color":"var(--ast-global-color-5)","background-image":"","background-repeat":"repeat","background-position":"center center","background-size":"auto","background-attachment":"scroll","background-type":"","background-media":"","overlay-type":"","overlay-color":"","overlay-opacity":"","overlay-gradient":""},"tablet":{"background-color":"var(--ast-global-color-5)","background-image":"","background-repeat":"repeat","background-position":"center center","background-size":"auto","background-attachment":"scroll","background-type":"","background-media":"","overlay-type":"","overlay-color":"","overlay-opacity":"","overlay-gradient":""},"mobile":{"background-color":"var(--ast-global-color-5)","background-image":"","background-repeat":"repeat","background-position":"center center","background-size":"auto","background-attachment":"scroll","background-type":"","background-media":"","overlay-type":"","overlay-color":"","overlay-opacity":"","overlay-gradient":""}},"footnotes":""},"class_list":["post-219","page","type-page","status-publish","hentry"],"_hostinger_reach_plugin_has_subscription_block":false,"_hostinger_reach_plugin_is_elementor":false,"uagb_featured_image_src":{"full":false,"thumbnail":false,"medium":false,"medium_large":false,"large":false,"1536x1536":false,"2048x2048":false},"uagb_author_info":{"display_name":"gerenciaecollano@gmail.com","author_link":"https:\/\/asociacionecollano.com\/?author=1"},"uagb_comment_info":0,"uagb_excerpt":"Servicios\u200b F.A.Q.\u200b preguntas frecuentes.","_links":{"self":[{"href":"https:\/\/asociacionecollano.com\/index.php?rest_route=\/wp\/v2\/pages\/219","targetHints":{"allow":["GET"]}}],"collection":[{"href":"https:\/\/asociacionecollano.com\/index.php?rest_route=\/wp\/v2\/pages"}],"about":[{"href":"https:\/\/asociacionecollano.com\/index.php?rest_route=\/wp\/v2\/types\/page"}],"author":[{"embeddable":true,"href":"https:\/\/asociacionecollano.com\/index.php?rest_route=\/wp\/v2\/users\/1"}],"replies":[{"embeddable":true,"href":"https:\/\/asociacionecollano.com\/index.php?rest_route=%2Fwp%2Fv2%2Fcomments&post=219"}],"version-history":[{"count":19,"href":"https:\/\/asociacionecollano.com\/index.php?rest_route=\/wp\/v2\/pages\/219\/revisions"}],"predecessor-version":[{"id":1195,"href":"https:\/\/asociacionecollano.com\/index.php?rest_route=\/wp\/v2\/pages\/219\/revisions\/1195"}],"wp:attachment":[{"href":"https:\/\/asociacionecollano.com\/index.php?rest_route=%2Fwp%2Fv2%2Fmedia&parent=219"}],"curies":[{"name":"wp","href":"https:\/\/api.w.org\/{rel}","templated":true}]}}