{"id":218,"date":"2025-10-07T22:17:38","date_gmt":"2025-10-07T22:17:38","guid":{"rendered":"https:\/\/asociacionecollano.com\/about\/"},"modified":"2025-12-05T16:15:38","modified_gmt":"2025-12-05T16:15:38","slug":"quienes-somos","status":"publish","type":"page","link":"https:\/\/asociacionecollano.com\/?page_id=218","title":{"rendered":"Nuestra Historia y Misi\u00f3n"},"content":{"rendered":"\n<div class=\"wp-block-uagb-container uagb-block-f6474934 alignfull uagb-is-root-container\"><div class=\"uagb-container-inner-blocks-wrap\">\n<p class=\"has-text-align-center has-large-font-size\">\u00bfQUIENES SOMOS?\u200b<\/p>\n<\/div><\/div>\n\n\n\n<div class=\"wp-block-columns is-layout-flex wp-container-core-columns-is-layout-28f84493 wp-block-columns-is-layout-flex\">\n<div class=\"wp-block-column is-layout-flow wp-block-column-is-layout-flow\" style=\"flex-basis:100%\">\n<div class=\"wp-block-columns is-layout-flex wp-container-core-columns-is-layout-28f84493 wp-block-columns-is-layout-flex\">\n<div class=\"wp-block-column is-layout-flow wp-block-column-is-layout-flow\" style=\"flex-basis:100%\">\n<div class=\"wp-block-uagb-container uagb-layout-grid uagb-block-e28cfc75 alignfull uagb-is-root-container\"><div class=\"uagb-container-inner-blocks-wrap\">\n<p class=\"has-text-align-center has-border-color has-ast-global-color-2-border-color has-ast-global-color-4-color has-text-color has-link-color has-large-font-size wp-elements-7101e412649fbc24377f33622c9ee71c\" style=\"border-width:19px;margin-top:var(--wp--preset--spacing--80);margin-bottom:var(--wp--preset--spacing--80)\">             <strong>Mision   <\/strong>                                                                                                  <\/p>\n\n\n\n<p class=\"has-text-align-center has-ast-global-color-4-color has-text-color has-link-color has-large-font-size wp-elements-7516dcf0c1c2abb9310fab088f6564dd\" style=\"border-width:19px;margin-top:var(--wp--preset--spacing--80);margin-right:0;margin-bottom:var(--wp--preset--spacing--80);margin-left:0\"><strong>Vision     <\/strong>                                                                                                                     \u200b<\/p>\n\n\n\n<p class=\"has-text-align-center has-border-color has-ast-global-color-2-border-color has-ast-global-color-4-color has-text-color has-link-color has-large-font-size wp-elements-c4d842173789b79bebbe8e2cbeeba5c9\" style=\"border-width:19px;margin-top:var(--wp--preset--spacing--80);margin-bottom:var(--wp--preset--spacing--80);padding-top:0;padding-bottom:0\">               <strong>Valores  <\/strong>                                                                                        \u200b    <\/p>\n\n\n\n<p class=\"has-text-align-center has-border-color has-ast-global-color-1-border-color has-ast-global-color-4-color has-text-color has-link-color has-medium-font-size wp-elements-6e72ef9033872f8e399ac15e430ded67\" style=\"border-width:17px\">                                                                                                                             Ser el motor de la econom\u00eda circular en la ciudad de Villavicencio y el departamento del Meta. Recolectamos, transformamos y valorizamos los residuos aprovechables, promoviendo la dignificaci\u00f3n del oficio del reciclador y asegurando que nuestro crecimiento est\u00e9 siempre al servicio de la sostenibilidad ambiental del Llano colombiano<strong>.<\/strong><\/p>\n\n\n\n<p class=\"has-text-align-center has-ast-global-color-4-color has-text-color has-link-color has-medium-font-size wp-elements-5cf96538f1a3827e5fcacb5b78f366a6\" style=\"border-width:17px\">                                                                                                                   \u200bPara el a\u00f1o 2030, EcoLlano ser\u00e1 reconocida como la empresa l\u00edder e innovadora en la gesti\u00f3n integral de residuos en la Orinoqu\u00eda colombiana, sirviendo como modelo nacional de eficiencia, responsabilidad social y tecnolog\u00eda aplicada al reciclaje. Buscamos cerrar el ciclo de vida de los materiales, transformando los residuos locales en nuevos productos llaneros.<\/p>\n\n\n\n<p class=\"has-text-align-center has-border-color has-ast-global-color-2-border-color has-ast-global-color-4-color has-text-color has-link-color has-medium-font-size wp-elements-83b5a4ff5812282e1ae31f08488b121c\" style=\"border-width:17px\"> <strong>Compromiso con el Llano<\/strong> :                                           Priorizamos la protecci\u00f3n de nuestros ecosistemas, ca\u00f1os y biodiversidad. Entendemos que un Llano limpio es  nuestro futuro.              <strong>                                                                                          Inclusi\u00f3n:<\/strong><br>Reconocemos y valoramos el trabajo de los recicladores de oficio como socios esenciales. Garantizamos condiciones justas, seguras y de crecimiento profesional, promoviendo la equidad social.<\/p>\n\n\n\n<div class=\"wp-block-columns is-layout-flex wp-container-core-columns-is-layout-28f84493 wp-block-columns-is-layout-flex\">\n<div class=\"wp-block-column is-layout-flow wp-block-column-is-layout-flow\"><\/div>\n\n\n\n<div class=\"wp-block-column is-layout-flow wp-block-column-is-layout-flow\"><\/div>\n\n\n\n<div class=\"wp-block-column is-layout-flow wp-block-column-is-layout-flow\"><\/div>\n<\/div>\n<\/div><\/div>\n<\/div>\n<\/div>\n<\/div>\n<\/div>\n\n\n\n<p class=\"has-text-align-center has-ast-global-color-0-color has-ast-global-color-5-background-color has-text-color has-background has-link-color has-large-font-size wp-elements-e1bd2e8604989bb5431f984b07d2de87\"> En EcoLlano, transformamos residuos en un futuro m\u00e1s verde para nuestra tierra.<\/p>\n\n\n\n<div class=\"wp-block-uagb-counter uagb-block-d9eae71e wp-block-uagb-counter--circle\"><div class=\"wp-block-uagb-counter-circle-container\"><div class=\"wp-block-uagb-counter-circle-container__content\"><span class=\"wp-block-uagb-counter__icon\"><svg xmlns=\"https:\/\/www.w3.org\/2000\/svg\" viewBox=\"0 0 576 512\"><path d=\"M381.2 150.3L524.9 171.5C536.8 173.2 546.8 181.6 550.6 193.1C554.4 204.7 551.3 217.3 542.7 225.9L438.5 328.1L463.1 474.7C465.1 486.7 460.2 498.9 450.2 506C440.3 513.1 427.2 514 416.5 508.3L288.1 439.8L159.8 508.3C149 514 135.9 513.1 126 506C116.1 498.9 111.1 486.7 113.2 474.7L137.8 328.1L33.58 225.9C24.97 217.3 21.91 204.7 25.69 193.1C29.46 181.6 39.43 173.2 51.42 171.5L195 150.3L259.4 17.97C264.7 6.954 275.9-.0391 288.1-.0391C300.4-.0391 311.6 6.954 316.9 17.97L381.2 150.3z\"><\/path><\/svg><\/span><div class=\"wp-block-uagb-counter__number\"><span class=\"uagb-counter-block-number\" data-duration=\"1.5\" data-to-value=\"80\" data-from-value=\"0\" data-delimiter=\",\"><\/span><span class=\"uagb-counter-block-suffix\">%<\/span><\/div><div class=\"wp-block-uagb-counter__title\">Visitas\u2026<\/div><\/div><svg preserveAspectRatio=\"xMinYMin meet\" viewBox=\"0 0 230 230\" version=\"1.1\" xmlns=\"http:\/\/www.w3.org\/2000\/svg\"><circle class=\"uagb-counter-circle__background\"><\/circle><circle class=\"uagb-counter-circle__progress\"><\/circle><\/svg><\/div><\/div>\n\n\n\n<p><\/p>\n","protected":false},"excerpt":{"rendered":"<p>\u00bfQUIENES SOMOS?\u200b Mision Vision \u200b Valores \u200b Ser el motor de la econom\u00eda circular en la ciudad de Villavicencio y el departamento del Meta. Recolectamos, transformamos y valorizamos los residuos aprovechables, promoviendo la dignificaci\u00f3n del oficio del reciclador y asegurando que nuestro crecimiento est\u00e9 siempre al servicio de la sostenibilidad ambiental del Llano colombiano. \u200bPara [&hellip;]<\/p>\n","protected":false},"author":1,"featured_media":926,"parent":0,"menu_order":0,"comment_status":"closed","ping_status":"closed","template":"","meta":{"_uag_custom_page_level_css":"","site-sidebar-layout":"no-sidebar","site-content-layout":"plain-container","ast-site-content-layout":"full-width-container","site-content-style":"unboxed","site-sidebar-style":"unboxed","ast-global-header-display":"","ast-banner-title-visibility":"","ast-main-header-display":"","ast-hfb-above-header-display":"","ast-hfb-below-header-display":"","ast-hfb-mobile-header-display":"","site-post-title":"disabled","ast-breadcrumbs-content":"","ast-featured-img":"disabled","footer-sml-layout":"","ast-disable-related-posts":"","theme-transparent-header-meta":"enabled","adv-header-id-meta":"","stick-header-meta":"","header-above-stick-meta":"","header-main-stick-meta":"","header-below-stick-meta":"","astra-migrate-meta-layouts":"set","ast-page-background-enabled":"default","ast-page-background-meta":{"desktop":{"background-color":"","background-image":"","background-repeat":"repeat","background-position":"center center","background-size":"auto","background-attachment":"scroll","background-type":"","background-media":"","overlay-type":"","overlay-color":"","overlay-opacity":"","overlay-gradient":""},"tablet":{"background-color":"","background-image":"","background-repeat":"repeat","background-position":"center center","background-size":"auto","background-attachment":"scroll","background-type":"","background-media":"","overlay-type":"","overlay-color":"","overlay-opacity":"","overlay-gradient":""},"mobile":{"background-color":"","background-image":"","background-repeat":"repeat","background-position":"center center","background-size":"auto","background-attachment":"scroll","background-type":"","background-media":"","overlay-type":"","overlay-color":"","overlay-opacity":"","overlay-gradient":""}},"ast-content-background-meta":{"desktop":{"background-color":"var(--ast-global-color-5)","background-image":"","background-repeat":"repeat","background-position":"center center","background-size":"auto","background-attachment":"scroll","background-type":"","background-media":"","overlay-type":"","overlay-color":"","overlay-opacity":"","overlay-gradient":""},"tablet":{"background-color":"var(--ast-global-color-5)","background-image":"","background-repeat":"repeat","background-position":"center center","background-size":"auto","background-attachment":"scroll","background-type":"","background-media":"","overlay-type":"","overlay-color":"","overlay-opacity":"","overlay-gradient":""},"mobile":{"background-color":"var(--ast-global-color-5)","background-image":"","background-repeat":"repeat","background-position":"center center","background-size":"auto","background-attachment":"scroll","background-type":"","background-media":"","overlay-type":"","overlay-color":"","overlay-opacity":"","overlay-gradient":""}},"footnotes":""},"class_list":["post-218","page","type-page","status-publish","has-post-thumbnail","hentry"],"_hostinger_reach_plugin_has_subscription_block":false,"_hostinger_reach_plugin_is_elementor":false,"uagb_featured_image_src":{"full":["https:\/\/asociacionecollano.com\/wp-content\/uploads\/2025\/10\/cropped-WhatsApp-Image-2025-10-05-at-6.18.54-PM-1-e1759878256190.jpeg",1520,545,false],"thumbnail":["https:\/\/asociacionecollano.com\/wp-content\/uploads\/2025\/10\/cropped-WhatsApp-Image-2025-10-05-at-6.18.54-PM-1-e1759878256190-150x150.jpeg",150,150,true],"medium":["https:\/\/asociacionecollano.com\/wp-content\/uploads\/2025\/10\/cropped-WhatsApp-Image-2025-10-05-at-6.18.54-PM-1-e1759878256190-300x108.jpeg",300,108,true],"medium_large":["https:\/\/asociacionecollano.com\/wp-content\/uploads\/2025\/10\/cropped-WhatsApp-Image-2025-10-05-at-6.18.54-PM-1-e1759878256190-768x275.jpeg",768,275,true],"large":["https:\/\/asociacionecollano.com\/wp-content\/uploads\/2025\/10\/cropped-WhatsApp-Image-2025-10-05-at-6.18.54-PM-1-e1759878256190-1024x367.jpeg",1024,367,true],"1536x1536":["https:\/\/asociacionecollano.com\/wp-content\/uploads\/2025\/10\/cropped-WhatsApp-Image-2025-10-05-at-6.18.54-PM-1-e1759878256190.jpeg",1520,545,false],"2048x2048":["https:\/\/asociacionecollano.com\/wp-content\/uploads\/2025\/10\/cropped-WhatsApp-Image-2025-10-05-at-6.18.54-PM-1-e1759878256190.jpeg",1520,545,false]},"uagb_author_info":{"display_name":"gerenciaecollano@gmail.com","author_link":"https:\/\/asociacionecollano.com\/?author=1"},"uagb_comment_info":0,"uagb_excerpt":"\u00bfQUIENES SOMOS?\u200b Mision Vision \u200b Valores \u200b Ser el motor de la econom\u00eda circular en la ciudad de Villavicencio y el departamento del Meta. Recolectamos, transformamos y valorizamos los residuos aprovechables, promoviendo la dignificaci\u00f3n del oficio del reciclador y asegurando que nuestro crecimiento est\u00e9 siempre al servicio de la sostenibilidad ambiental del Llano colombiano. \u200bPara&hellip;","_links":{"self":[{"href":"https:\/\/asociacionecollano.com\/index.php?rest_route=\/wp\/v2\/pages\/218","targetHints":{"allow":["GET"]}}],"collection":[{"href":"https:\/\/asociacionecollano.com\/index.php?rest_route=\/wp\/v2\/pages"}],"about":[{"href":"https:\/\/asociacionecollano.com\/index.php?rest_route=\/wp\/v2\/types\/page"}],"author":[{"embeddable":true,"href":"https:\/\/asociacionecollano.com\/index.php?rest_route=\/wp\/v2\/users\/1"}],"replies":[{"embeddable":true,"href":"https:\/\/asociacionecollano.com\/index.php?rest_route=%2Fwp%2Fv2%2Fcomments&post=218"}],"version-history":[{"count":17,"href":"https:\/\/asociacionecollano.com\/index.php?rest_route=\/wp\/v2\/pages\/218\/revisions"}],"predecessor-version":[{"id":1223,"href":"https:\/\/asociacionecollano.com\/index.php?rest_route=\/wp\/v2\/pages\/218\/revisions\/1223"}],"wp:featuredmedia":[{"embeddable":true,"href":"https:\/\/asociacionecollano.com\/index.php?rest_route=\/wp\/v2\/media\/926"}],"wp:attachment":[{"href":"https:\/\/asociacionecollano.com\/index.php?rest_route=%2Fwp%2Fv2%2Fmedia&parent=218"}],"curies":[{"name":"wp","href":"https:\/\/api.w.org\/{rel}","templated":true}]}}